{"id":1199,"date":"2023-06-07T11:56:34","date_gmt":"2023-06-07T11:56:34","guid":{"rendered":"https:\/\/www.ercon.lv\/engineering\/"},"modified":"2023-11-27T14:17:47","modified_gmt":"2023-11-27T14:17:47","slug":"rasejumu-izstrade","status":"publish","type":"page","link":"https:\/\/www.ercon.lv\/lv\/rasejumu-izstrade\/","title":{"rendered":"Ras\u0113jumu izstr\u0101de"},"content":{"rendered":"<p>M\u016bsu pieredz\u0113ju\u0161o in\u017eenieru komandas veiksmes atsl\u0113ga ir vi\u0146u aizrau\u0161an\u0101s ar tehnolo\u0123ij\u0101m, meh\u0101niku, iek\u0101rt\u0101m un dizainu.<br \/>\nM\u0113s sp\u0113jam nodro\u0161in\u0101t inovat\u012bvus risin\u0101jumus un izcilus rezult\u0101tus visos ra\u017eo\u0161anas posmos, s\u0101kot no projekta konsult\u0101cij\u0101m l\u012bdz risin\u0101jumu izstr\u0101dei un ievie\u0161anai, piel\u0101gojot pas\u016bt\u012bjumu katra klienta v\u0113lm\u0113m.<\/p>\n<p>&nbsp;<\/p>\n<p>M\u0113s pied\u0101v\u0101jam pla\u0161u pakalpojumu kl\u0101stu, kas aptver visu ma\u0161\u012bnb\u016bves spektru \u2013 no koncepcijas izstr\u0101des l\u012bdz realiz\u0101cijai. M\u016bsu ap\u0146em\u0161an\u0101s ir p\u0101rsp\u0113t klienta gaid\u012bto rezult\u0101tu attiec\u012bb\u0101 uz kvalit\u0101ti, savlaic\u012bgu pieg\u0101di un bud\u017eetu. M\u0113s tiecamies p\u0113c izcil\u012bbas visos ra\u017eo\u0161anas posmos, un m\u016bsu m\u0113r\u0137is ir b\u016bt vado\u0161ajam meh\u0101nikas in\u017eenieru un met\u0101la konstrukciju b\u016bvniec\u012bbas uz\u0146\u0113mumam.<\/p>\n<p>&nbsp;<\/p>\n<p>&nbsp;<\/p>\n<p><strong>M\u016bsu pakalpojumi:<\/strong><\/p>\n<p>&nbsp;<\/p>\n<p>&nbsp;<\/p>\n<ul>\n<li><strong>Izk\u0101rtojuma dizains<\/strong>: M\u016bsu komanda izstr\u0101d\u0101 optimiz\u0113tu izk\u0101rtojumu dizainu da\u017e\u0101diem in\u017eeniertehniskajiem projektiem. M\u0113s izmantojam jaun\u0101k\u0101s programmat\u016bras un nozares lab\u0101kos prakses piem\u0113rus, kas \u013cauj maksim\u0101li nodro\u0161in\u0101t darba efektivit\u0101ti.<\/li>\n<li><strong>Ma\u0161\u012bnb\u016bves apr\u0113\u0137ini<\/strong>: Prec\u012bzi apr\u0113\u0137ini ir veiksm\u012bgas ma\u0161\u012bnb\u016bves st\u016brakmens. M\u0113s veicam r\u016bp\u012bgu anal\u012bzi, tostarp struktur\u0101lo nov\u0113rt\u0113jumu, slodzes apr\u0113\u0137inus un apr\u012bkojuma izm\u0113ru noteik\u0161anu, lai nodro\u0161in\u0101tu optim\u0101lu sniegumu.<\/li>\n<li><strong>3D dizains<\/strong>: Izmantojot vismodern\u0101ko 3D projekt\u0113\u0161anas programmat\u016bru, m\u0113s realiz\u0113sim J\u016bsu idejas prec\u012bzi izstr\u0101d\u0101tos, detaliz\u0113tos mode\u013cos. Projekta vizualiz\u0101cija \u013caus jums pie\u0146emt pareiz\u0101kos l\u0113mumus un standartiz\u0113t projekt\u0113\u0161anas procesu.<\/li>\n<li><strong>3D vizualiz\u0101cijas<\/strong>: M\u016bsu 3D vizualiz\u0101cijas nodro\u0161ina re\u0101listiskus produkta mode\u013cus un anim\u0101cijas, \u013caujot Jums sekot l\u012bdzi projektam virtu\u0101li. \u0160\u0101di \u013caujot identific\u0113t nepiecie\u0161amos dizaina uzlabojumus.<\/li>\n<li><strong>Stipr\u012bbas apr\u0113\u0137ini (FEM)<\/strong>: Izmantojot gal\u012bgo elementu (<em>FEM<\/em>) anal\u012bzi, m\u0113s nov\u0113rt\u0113jam dizaina iztur\u012bbu un struktur\u0101lo mijiedarb\u012bbu. M\u016bsu simul\u0101cijas tiek veidotas p\u0113c atbilsto\u0161iem standartiem, kas \u013cauj izveidot ekspluat\u0101cijas pras\u012bb\u0101m atbilsto\u0161as konstrukcijas.<\/li>\n<li><strong>Failu sagatavo\u0161ana<\/strong>: M\u0113s sniedzam failu sagatavo\u0161anas pakalpojumus da\u017e\u0101dos form\u0101tos, piem\u0113ram, DXF, IGS, DWG u.c. Kas nodro\u0161ina efekt\u012bvu ra\u017eo\u0161anas procesu un atvieglo sadarb\u012bbu ar pieg\u0101d\u0101t\u0101jiem un izstr\u0101d\u0101t\u0101jiem.<\/li>\n<\/ul>\n<p>&nbsp;<\/p>\n<p><strong>M\u016bsu kompetences:<\/strong><\/p>\n<p>&nbsp;<\/p>\n<ul>\n<li><strong>Platformas, dro\u0161\u012bbas platformas, margas, k\u0101pnes, k\u0101p\u0146u tor\u0146i, trepes<\/strong>: M\u016bsu specializ\u0101cija ir platformu, dro\u0161\u012bbas konstrukciju, margu, k\u0101p\u0146u un trepes sist\u0113mu projekt\u0113\u0161ana un in\u017eenierija, lai nodro\u0161in\u0101tu optim\u0101lu dro\u0161\u012bbu un funkcionalit\u0101ti.<\/li>\n<li><strong>Transportieru sist\u0113mas (lentes, kausu, \u0137\u0113des, skr\u0101pju, ru\u013c\u013cu transportieri): <\/strong>Mums ir zin\u0101\u0161anas transportieru sist\u0113mu projekt\u0113\u0161an\u0101 un optimiz\u0101cij\u0101. M\u0113s nodro\u0161in\u0101m efekt\u012bvu materi\u0101lu transport\u0113\u0161anu.<\/li>\n<li><strong>Teknes un caurules<\/strong>: M\u0113s pied\u0101v\u0101jam visaptvero\u0161us tek\u0146u un cauru\u013cvadu sist\u0113mu projekt\u0113\u0161anas un anal\u012bzes pakalpojumus, nodro\u0161inot efekt\u012bvu materi\u0101lu pl\u016bsmu.<\/li>\n<li><strong>Iek\u0101rtas un to deta\u013cas<\/strong>: M\u016bsu komanda nodro\u0161ina in\u017eeniertehniskos risin\u0101jumus pla\u0161am iek\u0101rtu un deta\u013cu kl\u0101stam, optimiz\u0113jot to veiktsp\u0113ju.<\/li>\n<li><strong>T\u0113rauda konstrukcijas<\/strong>: M\u0113s projekt\u0113jam t\u0113rauda konstrukcijas atbilsto\u0161i nozares un dro\u0161\u012bbas standartiem.<\/li>\n<li><strong>Piltuves beramamkrav\u0101m<\/strong>: M\u016bsu piltuvju konstrukcijas uzlabo beramo materi\u0101lu apstr\u0101di, \u0146emot v\u0113r\u0101 t\u0101dus faktorus k\u0101 pl\u016bsmas \u012bpa\u0161\u012bbas, segreg\u0101cijas nov\u0113r\u0161ana un optim\u0101la izl\u0101de.<\/li>\n<li><strong>Ra\u017eo\u0161anas apr\u012bkojums<\/strong>: M\u0113s optimiz\u0113jam ra\u017eo\u0161anas iek\u0101rtu dizainu un veiktsp\u0113ju, nodro\u0161inot augstu produktivit\u0101ti, uzticam\u012bbu un dro\u0161u izmanto\u0161anu.<\/li>\n<\/ul>\n","protected":false},"excerpt":{"rendered":"<p>M\u016bsu pieredz\u0113ju\u0161o in\u017eenieru komandas veiksmes atsl\u0113ga ir vi\u0146u aizrau\u0161an\u0101s ar tehnolo\u0123ij\u0101m, meh\u0101niku, iek\u0101rt\u0101m un dizainu. M\u0113s sp\u0113jam nodro\u0161in\u0101t inovat\u012bvus risin\u0101jumus un izcilus rezult\u0101tus visos ra\u017eo\u0161anas posmos, s\u0101kot no projekta konsult\u0101cij\u0101m l\u012bdz risin\u0101jumu izstr\u0101dei un ievie\u0161anai, piel\u0101gojot pas\u016bt\u012bjumu katra klienta v\u0113lm\u0113m. &nbsp; M\u0113s pied\u0101v\u0101jam pla\u0161u pakalpojumu kl\u0101stu, kas aptver visu ma\u0161\u012bnb\u016bves spektru \u2013 no koncepcijas izstr\u0101des [&hellip;]<\/p>\n","protected":false},"author":1,"featured_media":1246,"parent":0,"menu_order":0,"comment_status":"closed","ping_status":"closed","template":"page-service.php","meta":{"_acf_changed":false,"footnotes":""},"class_list":["post-1199","page","type-page","status-publish","has-post-thumbnail","hentry"],"acf":[],"_links":{"self":[{"href":"https:\/\/www.ercon.lv\/lv\/wp-json\/wp\/v2\/pages\/1199","targetHints":{"allow":["GET"]}}],"collection":[{"href":"https:\/\/www.ercon.lv\/lv\/wp-json\/wp\/v2\/pages"}],"about":[{"href":"https:\/\/www.ercon.lv\/lv\/wp-json\/wp\/v2\/types\/page"}],"author":[{"embeddable":true,"href":"https:\/\/www.ercon.lv\/lv\/wp-json\/wp\/v2\/users\/1"}],"replies":[{"embeddable":true,"href":"https:\/\/www.ercon.lv\/lv\/wp-json\/wp\/v2\/comments?post=1199"}],"version-history":[{"count":16,"href":"https:\/\/www.ercon.lv\/lv\/wp-json\/wp\/v2\/pages\/1199\/revisions"}],"predecessor-version":[{"id":1294,"href":"https:\/\/www.ercon.lv\/lv\/wp-json\/wp\/v2\/pages\/1199\/revisions\/1294"}],"wp:featuredmedia":[{"embeddable":true,"href":"https:\/\/www.ercon.lv\/lv\/wp-json\/wp\/v2\/media\/1246"}],"wp:attachment":[{"href":"https:\/\/www.ercon.lv\/lv\/wp-json\/wp\/v2\/media?parent=1199"}],"curies":[{"name":"wp","href":"https:\/\/api.w.org\/{rel}","templated":true}]}}