{"id":1204,"date":"2023-06-07T12:13:36","date_gmt":"2023-06-07T12:13:36","guid":{"rendered":"https:\/\/www.ercon.lv\/serial-production\/"},"modified":"2023-11-27T14:54:08","modified_gmt":"2023-11-27T14:54:08","slug":"serijveida-pasutijumu-razosana","status":"publish","type":"page","link":"https:\/\/www.ercon.lv\/lv\/serijveida-pasutijumu-razosana\/","title":{"rendered":"S\u0113rijveida pas\u016bt\u012bjumu ra\u017eo\u0161ana"},"content":{"rendered":"<p>Precizit\u0101tei, kvalit\u0101tei un partnera uzticam\u012bbai ir iz\u0161\u0137iro\u0161a noz\u012bme s\u0113r\u012bjveida ra\u017eo\u0161an\u0101.<\/p>\n<p>&nbsp;<\/p>\n<p>M\u0113s izmantojam m\u016bsdien\u012bgas ra\u017eo\u0161anas metodes un apr\u012bkojumu, t\u0101d\u0113j\u0101di nodro\u0161inot nemain\u012bgu kvalit\u0101ti un precizit\u0101ti katr\u0101 m\u016bsu ra\u017eotaj\u0101 pas\u016btijum\u0101.<\/p>\n<p>&nbsp;<\/p>\n<p>M\u0113s izgatavojam konstrukcijas t\u0101d\u0101m nozar\u0113m k\u0101 autob\u016bve, ma\u0161\u012bnb\u016bve, lauksainiec\u012bba, me\u017esaimniec\u012bba un cit\u0101m.<\/p>\n<p>&nbsp;<\/p>\n<p>ERCON sp\u0113j nodro\u0161in\u0101t da\u017e\u0101da apjoma ra\u017eo\u0161anu, mums ir kapacit\u0101te un zin\u0101\u0161anas, lai izpild\u012btu visas J\u016bsu pras\u012bbas.<\/p>\n<p>&nbsp;<\/p>\n<p>Kvalit\u0101te ir m\u016bsu galven\u0101 priorit\u0101te, un vis\u0101 ra\u017eo\u0161anas proces\u0101 ir ieviesti stingri kvalit\u0101tes kontroles pas\u0101kumi. M\u016bsu reput\u0101cijas pamat\u0101 ir kvalit\u0101tes nodro\u0161in\u0101\u0161ana katr\u0101 ra\u017eo\u0161anas posm\u0101, pieg\u0101d\u0101jot nozares standartiem atbildto\u0161us pas\u016bt\u012bjumus.<\/p>\n<p>&nbsp;<\/p>\n<p>Izv\u0113lieties m\u016bs par ra\u017eo\u0161anas partneri un sa\u0146emiet priek\u0161roc\u012bbas, ko sniedz m\u016bsu standartiz\u0113tie procesi, konkur\u0113tsp\u0113j\u012bg\u0101s cenas un savlaic\u012bg\u0101 pieg\u0101de.<\/p>\n","protected":false},"excerpt":{"rendered":"<p>Precizit\u0101tei, kvalit\u0101tei un partnera uzticam\u012bbai ir iz\u0161\u0137iro\u0161a noz\u012bme s\u0113r\u012bjveida ra\u017eo\u0161an\u0101. &nbsp; M\u0113s izmantojam m\u016bsdien\u012bgas ra\u017eo\u0161anas metodes un apr\u012bkojumu, t\u0101d\u0113j\u0101di nodro\u0161inot nemain\u012bgu kvalit\u0101ti un precizit\u0101ti katr\u0101 m\u016bsu ra\u017eotaj\u0101 pas\u016btijum\u0101. &nbsp; M\u0113s izgatavojam konstrukcijas t\u0101d\u0101m nozar\u0113m k\u0101 autob\u016bve, ma\u0161\u012bnb\u016bve, lauksainiec\u012bba, me\u017esaimniec\u012bba un cit\u0101m. &nbsp; ERCON sp\u0113j nodro\u0161in\u0101t da\u017e\u0101da apjoma ra\u017eo\u0161anu, mums ir kapacit\u0101te un zin\u0101\u0161anas, lai izpild\u012btu [&hellip;]<\/p>\n","protected":false},"author":1,"featured_media":804,"parent":0,"menu_order":0,"comment_status":"closed","ping_status":"closed","template":"page-service.php","meta":{"_acf_changed":false,"footnotes":""},"class_list":["post-1204","page","type-page","status-publish","has-post-thumbnail","hentry"],"acf":[],"_links":{"self":[{"href":"https:\/\/www.ercon.lv\/lv\/wp-json\/wp\/v2\/pages\/1204","targetHints":{"allow":["GET"]}}],"collection":[{"href":"https:\/\/www.ercon.lv\/lv\/wp-json\/wp\/v2\/pages"}],"about":[{"href":"https:\/\/www.ercon.lv\/lv\/wp-json\/wp\/v2\/types\/page"}],"author":[{"embeddable":true,"href":"https:\/\/www.ercon.lv\/lv\/wp-json\/wp\/v2\/users\/1"}],"replies":[{"embeddable":true,"href":"https:\/\/www.ercon.lv\/lv\/wp-json\/wp\/v2\/comments?post=1204"}],"version-history":[{"count":10,"href":"https:\/\/www.ercon.lv\/lv\/wp-json\/wp\/v2\/pages\/1204\/revisions"}],"predecessor-version":[{"id":1299,"href":"https:\/\/www.ercon.lv\/lv\/wp-json\/wp\/v2\/pages\/1204\/revisions\/1299"}],"wp:featuredmedia":[{"embeddable":true,"href":"https:\/\/www.ercon.lv\/lv\/wp-json\/wp\/v2\/media\/804"}],"wp:attachment":[{"href":"https:\/\/www.ercon.lv\/lv\/wp-json\/wp\/v2\/media?parent=1204"}],"curies":[{"name":"wp","href":"https:\/\/api.w.org\/{rel}","templated":true}]}}