{"id":156,"date":"2018-05-29T16:21:57","date_gmt":"2018-05-29T16:21:57","guid":{"rendered":"http:\/\/ercon.grandem.lv\/?page_id=156"},"modified":"2024-07-15T12:44:05","modified_gmt":"2024-07-15T12:44:05","slug":"invidualo-pasutijumu-razosana","status":"publish","type":"page","link":"https:\/\/www.ercon.lv\/lv\/invidualo-pasutijumu-razosana\/","title":{"rendered":"Invidu\u0101lo pas\u016bt\u012bjumu ra\u017eo\u0161ana"},"content":{"rendered":"<p>ERCON pied\u0101v\u0101 pilnu ra\u017eo\u0161anas ciklu. Mums ir pla\u0161s modernu iek\u0101rtu kl\u0101sts visda\u017e\u0101d\u0101ko ra\u017eo\u0161anas uzdevumu veik\u0161anai. ERCON ir uz klientu orient\u0113ts uz\u0146\u0113mums, kas sp\u0113j piel\u0101goties da\u017e\u0101diem individu\u0101liem un sare\u017e\u0123\u012btiem projektiem.<\/p>\n<p>&nbsp;<\/p>\n<p>M\u016bsu priorit\u0101te ir nodro\u0161in\u0101t nemain\u012bgi izcilu kvalit\u0101ti un prec\u012bzus pieg\u0101des termi\u0146us. M\u0113s uzman\u012bgi sekojam l\u012bdzi katram ra\u017eo\u0161anas posmam, k\u0101 ar\u012b ieguldam resursus efektivit\u0101tes un kvalit\u0101tes sist\u0113mu uztur\u0113\u0161an\u0101 un pilnveido\u0161an\u0101.<\/p>\n<p>&nbsp;<\/p>\n<h2>Ra\u017eotnes produkcija:<\/h2>\n<p>&nbsp;<\/p>\n<ul>\n<li>Konveijeri un materi\u0101lu apstr\u0101des iek\u0101rtas;<\/li>\n<li>Ba\u013c\u0137u satv\u0113r\u0113ju iek\u0101rtas un kokz\u0101\u0123\u0113tavas iek\u0101rtas;<\/li>\n<li>Kalnr\u016bpniec\u012bbas iek\u0101rtas;<\/li>\n<li>B\u016bvkonstrukcijas;<\/li>\n<li>Platformas, tor\u0146i, margas un re\u017e\u0123i;<\/li>\n<li>Iek\u0101rtas t\u0113rauda r\u016bpn\u012bc\u0101m;<\/li>\n<li>Celulozes un pap\u012bra ra\u017eo\u0161anas iek\u0101rtas;<\/li>\n<li>Dzelzce\u013ca vagonu sast\u0101vda\u013cas;<\/li>\n<li>Pac\u0113l\u0101jiek\u0101rtas;<\/li>\n<li>Ner\u016bs\u0113jo\u0161\u0101 t\u0113rauda\u00a0konstrukcijas.<\/li>\n<\/ul>\n","protected":false},"excerpt":{"rendered":"<p>ERCON pied\u0101v\u0101 pilnu ra\u017eo\u0161anas ciklu. Mums ir pla\u0161s modernu iek\u0101rtu kl\u0101sts visda\u017e\u0101d\u0101ko ra\u017eo\u0161anas uzdevumu veik\u0161anai. ERCON ir uz klientu orient\u0113ts uz\u0146\u0113mums, kas sp\u0113j piel\u0101goties da\u017e\u0101diem individu\u0101liem un sare\u017e\u0123\u012btiem projektiem. &nbsp; M\u016bsu priorit\u0101te ir nodro\u0161in\u0101t nemain\u012bgi izcilu kvalit\u0101ti un prec\u012bzus pieg\u0101des termi\u0146us. M\u0113s uzman\u012bgi sekojam l\u012bdzi katram ra\u017eo\u0161anas posmam, k\u0101 ar\u012b ieguldam resursus efektivit\u0101tes un kvalit\u0101tes [&hellip;]<\/p>\n","protected":false},"author":1,"featured_media":263,"parent":0,"menu_order":0,"comment_status":"closed","ping_status":"closed","template":"page-service.php","meta":{"_acf_changed":false,"footnotes":""},"class_list":["post-156","page","type-page","status-publish","has-post-thumbnail","hentry"],"acf":[],"_links":{"self":[{"href":"https:\/\/www.ercon.lv\/lv\/wp-json\/wp\/v2\/pages\/156","targetHints":{"allow":["GET"]}}],"collection":[{"href":"https:\/\/www.ercon.lv\/lv\/wp-json\/wp\/v2\/pages"}],"about":[{"href":"https:\/\/www.ercon.lv\/lv\/wp-json\/wp\/v2\/types\/page"}],"author":[{"embeddable":true,"href":"https:\/\/www.ercon.lv\/lv\/wp-json\/wp\/v2\/users\/1"}],"replies":[{"embeddable":true,"href":"https:\/\/www.ercon.lv\/lv\/wp-json\/wp\/v2\/comments?post=156"}],"version-history":[{"count":23,"href":"https:\/\/www.ercon.lv\/lv\/wp-json\/wp\/v2\/pages\/156\/revisions"}],"predecessor-version":[{"id":1485,"href":"https:\/\/www.ercon.lv\/lv\/wp-json\/wp\/v2\/pages\/156\/revisions\/1485"}],"wp:featuredmedia":[{"embeddable":true,"href":"https:\/\/www.ercon.lv\/lv\/wp-json\/wp\/v2\/media\/263"}],"wp:attachment":[{"href":"https:\/\/www.ercon.lv\/lv\/wp-json\/wp\/v2\/media?parent=156"}],"curies":[{"name":"wp","href":"https:\/\/api.w.org\/{rel}","templated":true}]}}